{"id":57,"date":"2018-05-01T16:18:24","date_gmt":"2018-05-01T15:18:24","guid":{"rendered":"https:\/\/www.eternalforest.org\/?page_id=57"},"modified":"2024-10-01T18:17:18","modified_gmt":"2024-10-01T17:17:18","slug":"cysylltwch","status":"publish","type":"page","link":"https:\/\/www.eternalforest.org\/cy\/cysylltwch\/","title":{"rendered":"Cysylltwch"},"content":{"rendered":"<p>Os hoffech gael mwy o wybodaeth am yr hyn a gynhigiwn, os hoffech rannu eich sylwadau \u00e2 ni, neu os hoffech gysylltu \u00e2 ni ynghylch gosod teyrnged neu sylwadau, mae croeso ichi gysylltu \u00e2 ni.<\/p>\n<p>Ff\u00f4n: 01758 612 006<br \/>\nEbost: <a href=\"mailto:eft@eternalforest.org\">eft@eternalforest.org<\/a><br \/>\nFacebook: <a href=\"https:\/\/www.facebook.com\/Claddfagoedwigol.WoodlandburialsWales\">www.facebook.com\/Claddfagoedwigol.WoodlandburialsWales<\/a><\/p>\n<p>Cyfeiriad y swyddfa:<br \/>\nC\/O Angladdau Enfys Funerals ltd, 133 High Street, Bangor, Gwynedd, LL57 1NT<br \/>\n<!--\n\n\n<h2>Ffurflen Ymholiad<\/h2>\n\n\n--><\/p>\n","protected":false},"excerpt":{"rendered":"<p>Os hoffech gael mwy o wybodaeth am yr hyn a gynhigiwn, os hoffech rannu eich sylwadau \u00e2 ni, neu os hoffech gysylltu \u00e2 ni ynghylch gosod teyrnged neu sylwadau, mae croeso ichi gysylltu \u00e2 ni. Ff\u00f4n: 01758 612 006 Ebost: eft@eternalforest.org Facebook: www.facebook.com\/Claddfagoedwigol.WoodlandburialsWales Cyfeiriad y swyddfa: C\/O Angladdau Enfys Funerals ltd, 133 High Street, Bangor,&#8230;  <a class=\"excerpt-read-more\" href=\"https:\/\/www.eternalforest.org\/cy\/cysylltwch\/\" title=\"Read Cysylltwch\">Read more &raquo;<\/a><\/p>\n","protected":false},"author":1,"featured_media":0,"parent":0,"menu_order":0,"comment_status":"closed","ping_status":"closed","template":"page-sidebar.php","meta":{"_acf_changed":false,"footnotes":""},"class_list":["post-57","page","type-page","status-publish","hentry"],"acf":[],"yoast_head":"<!-- This site is optimized with the Yoast SEO plugin v27.4 - https:\/\/yoast.com\/product\/yoast-seo-wordpress\/ -->\n<title>Cysylltwch - Ymddiriedolaeth y Goedwig Dragwyddol<\/title>\n<meta name=\"robots\" content=\"index, follow, max-snippet:-1, max-image-preview:large, max-video-preview:-1\" \/>\n<link rel=\"canonical\" href=\"https:\/\/www.eternalforest.org\/cy\/cysylltwch\/\" \/>\n<meta property=\"og:locale\" content=\"cy_GB\" \/>\n<meta property=\"og:type\" content=\"article\" \/>\n<meta property=\"og:title\" content=\"Cysylltwch - Ymddiriedolaeth y Goedwig Dragwyddol\" \/>\n<meta property=\"og:description\" content=\"Os hoffech gael mwy o wybodaeth am yr hyn a gynhigiwn, os hoffech rannu eich sylwadau \u00e2 ni, neu os hoffech gysylltu \u00e2 ni ynghylch gosod teyrnged neu sylwadau, mae croeso ichi gysylltu \u00e2 ni. Ff\u00f4n: 01758 612 006 Ebost: eft@eternalforest.org Facebook: www.facebook.com\/Claddfagoedwigol.WoodlandburialsWales Cyfeiriad y swyddfa: C\/O Angladdau Enfys Funerals ltd, 133 High Street, Bangor,... Read more &raquo;\" \/>\n<meta property=\"og:url\" content=\"https:\/\/www.eternalforest.org\/cy\/cysylltwch\/\" \/>\n<meta property=\"og:site_name\" content=\"Ymddiriedolaeth y Goedwig Dragwyddol\" \/>\n<meta property=\"article:publisher\" content=\"https:\/\/www.facebook.com\/Woodland.burials.Wales\" \/>\n<meta property=\"article:modified_time\" content=\"2024-10-01T17:17:18+00:00\" \/>\n<meta name=\"twitter:card\" content=\"summary_large_image\" \/>\n<meta name=\"twitter:label1\" content=\"Est. reading time\" \/>\n\t<meta name=\"twitter:data1\" content=\"1 minute\" \/>\n<script type=\"application\/ld+json\" class=\"yoast-schema-graph\">{\"@context\":\"https:\\\/\\\/schema.org\",\"@graph\":[{\"@type\":\"WebPage\",\"@id\":\"https:\\\/\\\/www.eternalforest.org\\\/cy\\\/cysylltwch\\\/\",\"url\":\"https:\\\/\\\/www.eternalforest.org\\\/cy\\\/cysylltwch\\\/\",\"name\":\"Cysylltwch - Ymddiriedolaeth y Goedwig Dragwyddol\",\"isPartOf\":{\"@id\":\"https:\\\/\\\/www.eternalforest.org\\\/#website\"},\"datePublished\":\"2018-05-01T15:18:24+00:00\",\"dateModified\":\"2024-10-01T17:17:18+00:00\",\"breadcrumb\":{\"@id\":\"https:\\\/\\\/www.eternalforest.org\\\/cy\\\/cysylltwch\\\/#breadcrumb\"},\"inLanguage\":\"cy-GB\",\"potentialAction\":[{\"@type\":\"ReadAction\",\"target\":[\"https:\\\/\\\/www.eternalforest.org\\\/cy\\\/cysylltwch\\\/\"]}]},{\"@type\":\"BreadcrumbList\",\"@id\":\"https:\\\/\\\/www.eternalforest.org\\\/cy\\\/cysylltwch\\\/#breadcrumb\",\"itemListElement\":[{\"@type\":\"ListItem\",\"position\":1,\"name\":\"Home\",\"item\":\"https:\\\/\\\/www.eternalforest.org\\\/cy\\\/\"},{\"@type\":\"ListItem\",\"position\":2,\"name\":\"Cysylltwch\"}]},{\"@type\":\"WebSite\",\"@id\":\"https:\\\/\\\/www.eternalforest.org\\\/#website\",\"url\":\"https:\\\/\\\/www.eternalforest.org\\\/\",\"name\":\"Ymddiriedolaeth y Goedwig Dragwyddol\",\"description\":\"Coedlan naturiol ar gyfer claddedigaethau a chyflwyniadau\",\"potentialAction\":[{\"@type\":\"SearchAction\",\"target\":{\"@type\":\"EntryPoint\",\"urlTemplate\":\"https:\\\/\\\/www.eternalforest.org\\\/?s={search_term_string}\"},\"query-input\":{\"@type\":\"PropertyValueSpecification\",\"valueRequired\":true,\"valueName\":\"search_term_string\"}}],\"inLanguage\":\"cy-GB\"}]}<\/script>\n<!-- \/ Yoast SEO plugin. -->","yoast_head_json":{"title":"Cysylltwch - Ymddiriedolaeth y Goedwig Dragwyddol","robots":{"index":"index","follow":"follow","max-snippet":"max-snippet:-1","max-image-preview":"max-image-preview:large","max-video-preview":"max-video-preview:-1"},"canonical":"https:\/\/www.eternalforest.org\/cy\/cysylltwch\/","og_locale":"cy_GB","og_type":"article","og_title":"Cysylltwch - Ymddiriedolaeth y Goedwig Dragwyddol","og_description":"Os hoffech gael mwy o wybodaeth am yr hyn a gynhigiwn, os hoffech rannu eich sylwadau \u00e2 ni, neu os hoffech gysylltu \u00e2 ni ynghylch gosod teyrnged neu sylwadau, mae croeso ichi gysylltu \u00e2 ni. Ff\u00f4n: 01758 612 006 Ebost: eft@eternalforest.org Facebook: www.facebook.com\/Claddfagoedwigol.WoodlandburialsWales Cyfeiriad y swyddfa: C\/O Angladdau Enfys Funerals ltd, 133 High Street, Bangor,... Read more &raquo;","og_url":"https:\/\/www.eternalforest.org\/cy\/cysylltwch\/","og_site_name":"Ymddiriedolaeth y Goedwig Dragwyddol","article_publisher":"https:\/\/www.facebook.com\/Woodland.burials.Wales","article_modified_time":"2024-10-01T17:17:18+00:00","twitter_card":"summary_large_image","twitter_misc":{"Est. reading time":"1 minute"},"schema":{"@context":"https:\/\/schema.org","@graph":[{"@type":"WebPage","@id":"https:\/\/www.eternalforest.org\/cy\/cysylltwch\/","url":"https:\/\/www.eternalforest.org\/cy\/cysylltwch\/","name":"Cysylltwch - Ymddiriedolaeth y Goedwig Dragwyddol","isPartOf":{"@id":"https:\/\/www.eternalforest.org\/#website"},"datePublished":"2018-05-01T15:18:24+00:00","dateModified":"2024-10-01T17:17:18+00:00","breadcrumb":{"@id":"https:\/\/www.eternalforest.org\/cy\/cysylltwch\/#breadcrumb"},"inLanguage":"cy-GB","potentialAction":[{"@type":"ReadAction","target":["https:\/\/www.eternalforest.org\/cy\/cysylltwch\/"]}]},{"@type":"BreadcrumbList","@id":"https:\/\/www.eternalforest.org\/cy\/cysylltwch\/#breadcrumb","itemListElement":[{"@type":"ListItem","position":1,"name":"Home","item":"https:\/\/www.eternalforest.org\/cy\/"},{"@type":"ListItem","position":2,"name":"Cysylltwch"}]},{"@type":"WebSite","@id":"https:\/\/www.eternalforest.org\/#website","url":"https:\/\/www.eternalforest.org\/","name":"Ymddiriedolaeth y Goedwig Dragwyddol","description":"Coedlan naturiol ar gyfer claddedigaethau a chyflwyniadau","potentialAction":[{"@type":"SearchAction","target":{"@type":"EntryPoint","urlTemplate":"https:\/\/www.eternalforest.org\/?s={search_term_string}"},"query-input":{"@type":"PropertyValueSpecification","valueRequired":true,"valueName":"search_term_string"}}],"inLanguage":"cy-GB"}]}},"_links":{"self":[{"href":"https:\/\/www.eternalforest.org\/cy\/wp-json\/wp\/v2\/pages\/57","targetHints":{"allow":["GET"]}}],"collection":[{"href":"https:\/\/www.eternalforest.org\/cy\/wp-json\/wp\/v2\/pages"}],"about":[{"href":"https:\/\/www.eternalforest.org\/cy\/wp-json\/wp\/v2\/types\/page"}],"author":[{"embeddable":true,"href":"https:\/\/www.eternalforest.org\/cy\/wp-json\/wp\/v2\/users\/1"}],"replies":[{"embeddable":true,"href":"https:\/\/www.eternalforest.org\/cy\/wp-json\/wp\/v2\/comments?post=57"}],"version-history":[{"count":8,"href":"https:\/\/www.eternalforest.org\/cy\/wp-json\/wp\/v2\/pages\/57\/revisions"}],"predecessor-version":[{"id":1699,"href":"https:\/\/www.eternalforest.org\/cy\/wp-json\/wp\/v2\/pages\/57\/revisions\/1699"}],"wp:attachment":[{"href":"https:\/\/www.eternalforest.org\/cy\/wp-json\/wp\/v2\/media?parent=57"}],"curies":[{"name":"wp","href":"https:\/\/api.w.org\/{rel}","templated":true}]}}